{"id":626,"date":"2019-05-08T14:11:30","date_gmt":"2019-05-08T12:11:30","guid":{"rendered":"https:\/\/zeebergen.vanidev.nl\/annuleringsvoorwaarden\/"},"modified":"2024-12-22T08:09:00","modified_gmt":"2024-12-22T07:09:00","slug":"allgemeine-geschaeftsbedingungen","status":"publish","type":"page","link":"https:\/\/zeebergen.nl\/de\/allgemeine-geschaeftsbedingungen\/","title":{"rendered":"Stornierungsbedingungen"},"content":{"rendered":"<p>[vc_row][vc_column][vc_column_text]<\/p>\n<h1>Allgemeine Gesch\u00e4ftsbedingungen<\/h1>\n<p>\u2022 Storno bis zu 30 Tagen vor der Anreise: keine extra Kosten<br \/>\n\u2022 Storno bis zu 1 Tag vor der Anreise: 50% des Gesamtpreises Zimmer\/Arrangement wird berechnet<br \/>\n\u2022 Storno sp\u00e4ter als 1 Tag vor der Anreise oder bei Nicht-Eintreffen: 100% des Gesamtpreises Zimmer\/Arrangement wird berechnet<\/p>\n<p><strong>Nicht erstattungsf\u00e4higer Satz<\/strong><br \/>\nF\u00fcr einen g\u00fcnstigen (Rabatt) bieten wir die M\u00f6glichkeit, bei uns zu \u00fcbernachten. Dies wird als der nicht erstattungsf\u00e4hige Satz bezeichnet. Diese muss sofort \u00fcber unsere Website oder unseren Buchungspartner bezahlt werden und kann nicht storniert oder ge\u00e4ndert werden.<\/p>\n<p><strong>Annullierungsversicherung<\/strong><br \/>\nWir raten Ihnen immer zum Abschluss einer Reise- und\/oder Reiser\u00fccktrittsversicherung.<\/p>\n<p><strong>WICHTIG<\/strong><br \/>\nIm Zusammenhang mit unserer straffen Raumplanung erheben wir eine einmalige Geb\u00fchr von 15 Euro f\u00fcr die Beantragung eines bestimmten Raumes und\/oder Wunsches. Leider k\u00f6nnen wir eine Pr\u00e4ferenz nie zu 100% garantieren. Pr\u00e4ferenzen aufgrund von Gesundheitsproblemen sind von dieser Zusatzgeb\u00fchr ausgeschlossen. Sollte sich bei der Ankunft herausstellen, dass diese nicht gerechtfertigt sind, werden diese Kosten nachtr\u00e4glich in Rechnung gestellt. Wenn die Pr\u00e4ferenz nicht erfolgreich ist, werden diese Kosten gestrichen. Nat\u00fcrlich werden wir Sie im Voraus dar\u00fcber informieren.<\/p>\n<h2>Haftungsausschluss<\/h2>\n<p>Diese Website wird von Hotel ZeeBergen\/Vanimedia betrieben und gepflegt. Bitte informieren Sie sich hier \u00fcber die Gesch\u00e4ftsbedingungen zum Gebrauch der Website. Die folgenden Bestimmungen gelten f\u00fcr die gesamte Website.<br \/>\n1. Durch die Nutzung dieser Website erkl\u00e4ren Sie sich mit diesem Haftungsausschluss einverstanden. 2. Hotel ZeeBergen ist bem\u00fcht, den Inhalt der Website regelm\u00e4\u00dfig zu aktualisieren und\/oder zu erg\u00e4nzen.<br \/>\n3. Trotz dieser Sorgfalt und Aufmerksamkeit ist es m\u00f6glich, dass der Inhalt unvollst\u00e4ndig und\/oder falsch ist.<br \/>\n4. Hotel ZeeBergen kann in keiner Weise Gew\u00e4hr f\u00fcr die Richtigkeit oder Vollst\u00e4ndigkeit der Informationen auf dieser Website erteilen.<br \/>\n5. Hotel ZeeBergen \u00fcbernimmt keine Haftung f\u00fcr Sch\u00e4den, die als Folge der Ver\u00f6ffentlichung der Informationen auf dieser Website entstehen.<br \/>\n6. Alle Rechte sind Hotel ZeeBergen vorbehalten, insofern nicht anders angegeben.<br \/>\n7. Hotel ZeeBergen kann jederzeit Texte dieser Website ohne vorherige Ank\u00fcndigung entfernen.<br \/>\n8. Hotel ZeeBergen beh\u00e4lt sich das Recht vor, diesen Haftungsausschluss ohne vorherige Ank\u00fcndigung zu \u00e4ndern.[\/vc_column_text][\/vc_column][\/vc_row]<\/p>\n","protected":false},"excerpt":{"rendered":"<p>[vc_row][vc_column][vc_column_text] Allgemeine Gesch\u00e4ftsbedingungen \u2022 Storno bis zu 30 Tagen vor der Anreise: keine extra Kosten \u2022 Storno bis zu 1 Tag vor der Anreise: 50% des Gesamtpreises Zimmer\/Arrangement wird berechnet \u2022 Storno sp\u00e4ter als 1 Tag vor der Anreise oder bei Nicht-Eintreffen: 100% des Gesamtpreises Zimmer\/Arrangement wird berechnet Nicht erstattungsf\u00e4higer Satz F\u00fcr einen g\u00fcnstigen (Rabatt) &#8230;<\/p>\n","protected":false},"author":10,"featured_media":0,"parent":0,"menu_order":0,"comment_status":"closed","ping_status":"closed","template":"","meta":{"_acf_changed":false,"inline_featured_image":false,"cozystay_single_page_hide_site_header":"","cozystay_single_page_site_header_source":"","cozystay_single_page_custom_site_header":"0","cozystay_single_page_custom_sticky_site_header":"0","cozystay_single_page_hide_page_title":"","cozystay_single_page_header_section_size":"","cozystay_single_page_header_background_color":"","cozystay_single_page_header_background_position_x":"center","cozystay_single_page_header_background_position_y":"center","cozystay_single_page_header_background_size":"cover","cozystay_single_page_header_background_repeat":"off","cozystay_single_page_header_background_scroll":"on","cozystay_single_page_header_text_color":"","cozystay_single_page_header_show_breadcrumb":"","cozystay_single_page_site_footer_hide_main":"","cozystay_single_custom_site_footer_main_source":"","cozystay_single_custom_site_footer_main":"0","cozystay_single_page_site_footer_hide_above":"","cozystay_single_custom_site_footer_above_source":"","cozystay_single_custom_site_footer_above":"0","cozystay_single_page_site_footer_hide_instagram":"","cozystay_single_page_site_footer_hide_bottom":"","cozystay_single_custom_mobile_menu_source":"","cozystay_single_custom_mobile_menu":"0","cozystay_single_custom_mobile_menu_animation":"","cozystay_single_custom_mobile_menu_width":"","cozystay_single_custom_mobile_menu_custom_width":375,"footnotes":""},"class_list":["post-626","page","type-page","status-publish","hentry"],"acf":[],"_links":{"self":[{"href":"https:\/\/zeebergen.nl\/de\/wp-json\/wp\/v2\/pages\/626","targetHints":{"allow":["GET"]}}],"collection":[{"href":"https:\/\/zeebergen.nl\/de\/wp-json\/wp\/v2\/pages"}],"about":[{"href":"https:\/\/zeebergen.nl\/de\/wp-json\/wp\/v2\/types\/page"}],"author":[{"embeddable":true,"href":"https:\/\/zeebergen.nl\/de\/wp-json\/wp\/v2\/users\/10"}],"replies":[{"embeddable":true,"href":"https:\/\/zeebergen.nl\/de\/wp-json\/wp\/v2\/comments?post=626"}],"version-history":[{"count":1,"href":"https:\/\/zeebergen.nl\/de\/wp-json\/wp\/v2\/pages\/626\/revisions"}],"predecessor-version":[{"id":4900,"href":"https:\/\/zeebergen.nl\/de\/wp-json\/wp\/v2\/pages\/626\/revisions\/4900"}],"wp:attachment":[{"href":"https:\/\/zeebergen.nl\/de\/wp-json\/wp\/v2\/media?parent=626"}],"curies":[{"name":"wp","href":"https:\/\/api.w.org\/{rel}","templated":true}]}}