{"id":4961,"date":"2024-12-22T08:40:53","date_gmt":"2024-12-22T07:40:53","guid":{"rendered":"https:\/\/zeebergen.nl\/erlebnisse\/"},"modified":"2024-12-22T08:57:27","modified_gmt":"2024-12-22T07:57:27","slug":"erlebnisse","status":"publish","type":"page","link":"https:\/\/zeebergen.nl\/de\/erlebnisse\/","title":{"rendered":"Erlebnisse"},"content":{"rendered":"\t\t<div data-elementor-type=\"wp-page\" data-elementor-id=\"4961\" class=\"elementor elementor-4961 elementor-23\">\n\t\t\t\t\t\t<section class=\"elementor-section elementor-top-section elementor-element elementor-element-3269d21f elementor-section-height-min-height cs-section-content-fullwidth cs-parallax-on-scroll cs_scroll_y_100 elementor-section-boxed elementor-section-height-default elementor-section-items-middle\" data-id=\"3269d21f\" data-element_type=\"section\" data-e-type=\"section\" data-settings=\"{&quot;background_background&quot;:&quot;classic&quot;}\" data-cs-parallax-y=\"100\" style=\"background-image: none;\" data-cs-background-image=\"https:\/\/zeebergen.nl\/wp-content\/uploads\/2024\/11\/cheerful-couple-talking-while-eating-lunch-restaurant.webp\" data-cs-background-image-alt-text=\"\">\n\t\t\t\t\t\t\t<div class=\"elementor-background-overlay\"><\/div>\n\t\t\t\t\t\t\t<div class=\"elementor-container elementor-column-gap-no\">\n\t\t\t\t\t<div class=\"elementor-column elementor-col-100 elementor-top-column elementor-element elementor-element-7665c9ba dark-color\" data-id=\"7665c9ba\" data-element_type=\"column\" data-e-type=\"column\">\n\t\t\t<div class=\"elementor-widget-wrap elementor-element-populated\">\n\t\t\t\t\t\t<div class=\"elementor-element elementor-element-6ee3f117 elementor-widget elementor-widget-cs_title\" data-id=\"6ee3f117\" data-element_type=\"widget\" data-e-type=\"widget\" data-widget_type=\"cs_title.default\">\n\t\t\t\t<div class=\"elementor-widget-container\">\n\t\t\t\t\t\n        <div class=\"cs-title-wrap text-center\">\t            <div class=\"cs-subtitle-wrap\"><span class=\"cs-subtitle color-white\">Die Wahrnehmung unserer G\u00e4ste\n\n<\/span><\/div>\t            <h1 class=\"cs-title\">\n\t                Erlebnisse\t            <\/h1>\t            <div class=\"cs-title-text\">\n\t                <p>Lesen Sie, warum sich unsere G\u00e4ste immer wieder f\u00fcr das Hotel Zeebergen entscheiden und finden Sie heraus, was uns so besonders macht.<\/p>\n\t            <\/div>        <\/div>\t\t\t\t<\/div>\n\t\t\t\t<\/div>\n\t\t\t\t\t<\/div>\n\t\t<\/div>\n\t\t\t\t\t<\/div>\n\t\t<\/section>\n\t\t<div class=\"elementor-element elementor-element-51fc5b6 e-flex e-con-boxed e-con e-parent\" data-id=\"51fc5b6\" data-element_type=\"container\" data-e-type=\"container\">\n\t\t\t\t\t<div class=\"e-con-inner\">\n\t\t\t\t<div class=\"elementor-element elementor-element-b6541c7 elementor-widget elementor-widget-cs_title\" data-id=\"b6541c7\" data-element_type=\"widget\" data-e-type=\"widget\" data-widget_type=\"cs_title.default\">\n\t\t\t\t<div class=\"elementor-widget-container\">\n\t\t\t\t\t\n        <div class=\"cs-title-wrap text-center\">\t            <div class=\"cs-subtitle-wrap\"><span class=\"cs-subtitle\">Google Bewertungen<\/span><\/div>\t            <h4 class=\"cs-title\">\n\t                Was unsere G\u00e4ste auf Google sagen\t            <\/h4>                <div class=\"cs-title-btn\">\n                    <a class=\"button elementor-button-link\" role=\"button\" href=\"https:\/\/www.google.com\/travel\/search?gsas=1&#038;ts=CAEaIAoAEhwSFAoHCOgPEAwYERIHCOgPEAwYEhgBMgQIABAAKgcKBToDRVVS&#038;qs=MjJDaUVJaU83RnNkM0I4dFJ0RUtDeXBMUE5zX0NHV1JvTEwyY3ZNWFJ4WTJ0bmNtY1FBUTgC&#038;ap=MAC6AQdyZXZpZXdz&#038;rlz=1C5CHFA_enNL985NL988&#038;biw=1920&#038;bih=992&#038;hl=en-NL&#038;ved=0CAAQ5JsGahcKEwiIiOqRjvaJAxUAAAAAHQAAAAAQWg\">\n                        <span class=\"cs-btn-text\">Mehr Bewertungen lesen<\/span>                    <\/a>\n                <\/div>\n                    <\/div>\t\t\t\t<\/div>\n\t\t\t\t<\/div>\n\t\t\t\t<div class=\"elementor-element elementor-element-9a81f8a elementor-widget elementor-widget-image\" data-id=\"9a81f8a\" data-element_type=\"widget\" data-e-type=\"widget\" data-widget_type=\"image.default\">\n\t\t\t\t<div class=\"elementor-widget-container\">\n\t\t\t\t\t\t\t\t\t\t\t\t\t\t\t<img fetchpriority=\"high\" decoding=\"async\" width=\"414\" height=\"282\" src=\"https:\/\/zeebergen.nl\/wp-content\/uploads\/2024\/12\/Scherm\u00adafbeelding-2024-12-18-om-22.43.26.png\" class=\"attachment-large size-large wp-image-4373\" alt=\"\" srcset=\"https:\/\/zeebergen.nl\/wp-content\/uploads\/2024\/12\/Scherm\u00adafbeelding-2024-12-18-om-22.43.26.png 414w, https:\/\/zeebergen.nl\/wp-content\/uploads\/2024\/12\/Scherm\u00adafbeelding-2024-12-18-om-22.43.26-370x252.png 370w, https:\/\/zeebergen.nl\/wp-content\/uploads\/2024\/12\/Scherm\u00adafbeelding-2024-12-18-om-22.43.26-255x174.png 255w, https:\/\/zeebergen.nl\/wp-content\/uploads\/2024\/12\/Scherm\u00adafbeelding-2024-12-18-om-22.43.26-150x102.png 150w\" sizes=\"(max-width: 414px) 100vw, 414px\" \/>\t\t\t\t\t\t\t\t\t\t\t\t\t\t\t<\/div>\n\t\t\t\t<\/div>\n\t\t\t\t<div class=\"elementor-element elementor-element-1af85b3 cs-animation-small-offset elementor-invisible elementor-widget elementor-widget-cs_testimonials\" data-id=\"1af85b3\" data-element_type=\"widget\" data-e-type=\"widget\" data-settings=\"{&quot;_animation&quot;:&quot;fadeInUp&quot;,&quot;_animation_delay&quot;:300}\" data-widget_type=\"cs_testimonials.default\">\n\t\t\t\t<div class=\"elementor-widget-container\">\n\t\t\t\t\t\n            <div class=\"cs-testimonials testimonial-style-1 text-left text-left-mobile testimonials-slider\" data-column=\"3\" data-autoplay=\"on\" data-autoplay-speed=\"5000\" data-show-arrows=\"on\" data-show-dots=\"\"><div class=\"cs-ts-wrap\"><div class=\"cs-ts-item\">                    <div class=\"cs-testimonial\"><div class=\"cs-testimonial-rating\"><span class=\"cs-testimonial-stars\"><\/span><\/div>                        <div class=\"cs-testimonial-content\">\"Immer sehr freundlicher und enthusiastischer Empfang.\nAuch sehr flexibel, aufmerksam und beratend. Das Zimmer wurde gerade renoviert, sieht gut aus. Die Betten sind sch\u00f6n.\nDie Umgebung ist nat\u00fcrlich fantastisch, Wald und Meer.\"   <\/div>                        <div class=\"cs-testimonial-meta\">\n                            <div class=\"elementor-testimonial-meta-inner\">\t                                <div class=\"elementor-testimonial-details\">\t                                    <div class=\"elementor-testimonial-name\">- Wilma P.<\/div>\t\t\t\t\t\t\t\t\t<\/div>                            <\/div>\n                        <\/div>                    <\/div><\/div><div class=\"cs-ts-item\">                    <div class=\"cs-testimonial\"><div class=\"cs-testimonial-rating\"><span class=\"cs-testimonial-stars\"><\/span><\/div>                        <div class=\"cs-testimonial-content\">\"Ausgezeichnetes Preis-Leistungs-Verh\u00e4ltnis. Das Hotel hat eine sch\u00f6ne Lage. Das Zimmer ist in Ordnung, ein bisschen altmodisch, aber definitiv sauber. Das Personal ist freundlich, das Essen ist auch sehr lecker. Kurzum: meine Mutter und ich w\u00fcrden gerne wiederkommen.\"\n<\/div>                        <div class=\"cs-testimonial-meta\">\n                            <div class=\"elementor-testimonial-meta-inner\">\t                                <div class=\"elementor-testimonial-details\">\t                                    <div class=\"elementor-testimonial-name\">- Lieke C.<\/div>\t\t\t\t\t\t\t\t\t<\/div>                            <\/div>\n                        <\/div>                    <\/div><\/div><div class=\"cs-ts-item\">                    <div class=\"cs-testimonial\"><div class=\"cs-testimonial-rating\"><span class=\"cs-testimonial-stars\"><\/span><\/div>                        <div class=\"cs-testimonial-content\">\"Sch\u00f6ne Lage, nahe am Zentrum, das Team tut sein Bestes, gibt Tipps zur Gegend, das Fr\u00fchst\u00fcck ist gut und das Abendessen auch gut und schmackhaft, wenn Sie irgendwelche W\u00fcnsche haben, sagen Sie es ihnen und eine L\u00f6sung wird kommen.\"<\/div>                        <div class=\"cs-testimonial-meta\">\n                            <div class=\"elementor-testimonial-meta-inner\">\t                                <div class=\"elementor-testimonial-details\">\t                                    <div class=\"elementor-testimonial-name\">- Anneke C.<\/div>\t\t\t\t\t\t\t\t\t<\/div>                            <\/div>\n                        <\/div>                    <\/div><\/div><div class=\"cs-ts-item\">                    <div class=\"cs-testimonial\"><div class=\"cs-testimonial-rating\"><span class=\"cs-testimonial-stars\"><\/span><\/div>                        <div class=\"cs-testimonial-content\">\"Gutes Hotel und freundlicher Empfang, der Service beim Abendessen war besonders gut, der Wein war k\u00f6stlich, das Fr\u00fchst\u00fcck 4 Sterne wert, wirklich eine Empfehlung, werde auf jeden Fall wiederkommen, danke f\u00fcr die Gastfreundschaft.\"<\/div>                        <div class=\"cs-testimonial-meta\">\n                            <div class=\"elementor-testimonial-meta-inner\">\t                                <div class=\"elementor-testimonial-details\">\t                                    <div class=\"elementor-testimonial-name\">- Bob B.<\/div>\t\t\t\t\t\t\t\t\t<\/div>                            <\/div>\n                        <\/div>                    <\/div><\/div><div class=\"cs-ts-item\">                    <div class=\"cs-testimonial\"><div class=\"cs-testimonial-rating\"><span class=\"cs-testimonial-stars\"><\/span><\/div>                        <div class=\"cs-testimonial-content\">\"Was f\u00fcr eine Freundlichkeit und ein herzlicher Empfang. Unbedingt zu empfehlen, wenn Sie es gem\u00fctlich und gesellig m\u00f6gen. Wir haben gut geschlafen und gut gefr\u00fchst\u00fcckt. Wir werden auf jeden Fall eines Tages wiederkommen! Vielen Dank!\"\n<\/div>                        <div class=\"cs-testimonial-meta\">\n                            <div class=\"elementor-testimonial-meta-inner\">\t                                <div class=\"elementor-testimonial-details\">\t                                    <div class=\"elementor-testimonial-name\">- Barbara L.<\/div>\t\t\t\t\t\t\t\t\t<\/div>                            <\/div>\n                        <\/div>                    <\/div><\/div><div class=\"cs-ts-item\">                    <div class=\"cs-testimonial\"><div class=\"cs-testimonial-rating\"><span class=\"cs-testimonial-stars\"><\/span><\/div>                        <div class=\"cs-testimonial-content\">\"Der Empfang war gro\u00dfartig, der Aufenthalt war super. Die Gastfreundschaft des gesamten Personals war top. Und ein gro\u00dfes Lob an den Koch, das Essen war super lecker. definitiv eine Wiederholung wert. Sch\u00f6ner Ort mit sch\u00f6ner Umgebung.\"<\/div>                        <div class=\"cs-testimonial-meta\">\n                            <div class=\"elementor-testimonial-meta-inner\">\t                                <div class=\"elementor-testimonial-details\">\t                                    <div class=\"elementor-testimonial-name\">- Debbie van E.<\/div>\t\t\t\t\t\t\t\t\t<\/div>                            <\/div>\n                        <\/div>                    <\/div><\/div><\/div>            <\/div>\t\t\t\t<\/div>\n\t\t\t\t<\/div>\n\t\t\t\t\t<\/div>\n\t\t\t\t<\/div>\n\t\t<div class=\"elementor-element elementor-element-0feb98d e-flex e-con-boxed e-con e-parent\" data-id=\"0feb98d\" data-element_type=\"container\" data-e-type=\"container\">\n\t\t\t\t\t<div class=\"e-con-inner\">\n\t\t\t\t<div class=\"elementor-element elementor-element-e8edf33 elementor-widget elementor-widget-cs_title\" data-id=\"e8edf33\" data-element_type=\"widget\" data-e-type=\"widget\" data-widget_type=\"cs_title.default\">\n\t\t\t\t<div class=\"elementor-widget-container\">\n\t\t\t\t\t\n        <div class=\"cs-title-wrap text-center\">\t            <div class=\"cs-subtitle-wrap\"><span class=\"cs-subtitle\">booking.com Bewertungen<\/span><\/div>\t            <h4 class=\"cs-title\">\n\t                Was unsere G\u00e4ste \u00fcber Booking.com sagen\t            <\/h4>                <div class=\"cs-title-btn\">\n                    <a class=\"button elementor-button-link\" role=\"button\" href=\"https:\/\/www.booking.com\/hotel\/nl\/zee-bergen.nl.html#tab-reviews\">\n                        <span class=\"cs-btn-text\">Mehr Bewertungen lesen<\/span>                    <\/a>\n                <\/div>\n                    <\/div>\t\t\t\t<\/div>\n\t\t\t\t<\/div>\n\t\t\t\t<div class=\"elementor-element elementor-element-e2a7f80 elementor-widget elementor-widget-image\" data-id=\"e2a7f80\" data-element_type=\"widget\" data-e-type=\"widget\" data-widget_type=\"image.default\">\n\t\t\t\t<div class=\"elementor-widget-container\">\n\t\t\t\t\t\t\t\t\t\t\t\t\t\t\t<img decoding=\"async\" width=\"422\" height=\"268\" src=\"https:\/\/zeebergen.nl\/wp-content\/uploads\/2024\/12\/Scherm\u00adafbeelding-2024-12-22-om-01.00.52.png\" class=\"attachment-large size-large wp-image-4503\" alt=\"\" srcset=\"https:\/\/zeebergen.nl\/wp-content\/uploads\/2024\/12\/Scherm\u00adafbeelding-2024-12-22-om-01.00.52.png 422w, https:\/\/zeebergen.nl\/wp-content\/uploads\/2024\/12\/Scherm\u00adafbeelding-2024-12-22-om-01.00.52-370x235.png 370w, https:\/\/zeebergen.nl\/wp-content\/uploads\/2024\/12\/Scherm\u00adafbeelding-2024-12-22-om-01.00.52-255x162.png 255w, https:\/\/zeebergen.nl\/wp-content\/uploads\/2024\/12\/Scherm\u00adafbeelding-2024-12-22-om-01.00.52-150x95.png 150w\" sizes=\"(max-width: 422px) 100vw, 422px\" \/>\t\t\t\t\t\t\t\t\t\t\t\t\t\t\t<\/div>\n\t\t\t\t<\/div>\n\t\t\t\t<div class=\"elementor-element elementor-element-b783697 cs-animation-small-offset elementor-invisible elementor-widget elementor-widget-cs_testimonials\" data-id=\"b783697\" data-element_type=\"widget\" data-e-type=\"widget\" data-settings=\"{&quot;_animation&quot;:&quot;fadeInUp&quot;,&quot;_animation_delay&quot;:300}\" data-widget_type=\"cs_testimonials.default\">\n\t\t\t\t<div class=\"elementor-widget-container\">\n\t\t\t\t\t\n            <div class=\"cs-testimonials testimonial-style-1 text-left text-left-mobile testimonials-slider\" data-column=\"3\" data-autoplay=\"on\" data-autoplay-speed=\"5000\" data-show-arrows=\"on\" data-show-dots=\"\"><div class=\"cs-ts-wrap\"><div class=\"cs-ts-item\">                    <div class=\"cs-testimonial\"><div class=\"cs-testimonial-rating\"><span class=\"cs-testimonial-stars\"><\/span><\/div>                        <div class=\"cs-testimonial-content\">\"Sch\u00f6ner Aufenthalt. Blieb f\u00fcr zwei N\u00e4chte. Gutes Fr\u00fchst\u00fcck. Tee und Kaffee verf\u00fcgbar. Netter Empfang und auch gleich eine Genehmigung zum Parken meines Autos organisiert. Das Zentrum ist zu Fu\u00df erreichbar, ich habe bei Loetje gegessen :) Vielen Dank f\u00fcr den sch\u00f6nen Aufenthalt!\"<\/div>                        <div class=\"cs-testimonial-meta\">\n                            <div class=\"elementor-testimonial-meta-inner\">\t                                <div class=\"elementor-testimonial-details\">\t                                    <div class=\"elementor-testimonial-name\">- Suzanne<\/div>\t\t\t\t\t\t\t\t\t<\/div>                            <\/div>\n                        <\/div>                    <\/div><\/div><div class=\"cs-ts-item\">                    <div class=\"cs-testimonial\"><div class=\"cs-testimonial-rating\"><span class=\"cs-testimonial-stars\"><\/span><\/div>                        <div class=\"cs-testimonial-content\">\"Es ist eine sch\u00f6ne und sehr ruhige Gegend nicht weit vom Stadtzentrum entfernt. Das Fr\u00fchst\u00fcck war gut und das Zimmer hatte ausreichend Komfort. Die Buchung war einfach und die Kommunikation ausreichend und klar.\"<\/div>                        <div class=\"cs-testimonial-meta\">\n                            <div class=\"elementor-testimonial-meta-inner\">\t                                <div class=\"elementor-testimonial-details\">\t                                    <div class=\"elementor-testimonial-name\">- Ski-Chor<\/div>\t\t\t\t\t\t\t\t\t<\/div>                            <\/div>\n                        <\/div>                    <\/div><\/div><div class=\"cs-ts-item\">                    <div class=\"cs-testimonial\"><div class=\"cs-testimonial-rating\"><span class=\"cs-testimonial-stars\"><\/span><\/div>                        <div class=\"cs-testimonial-content\">\"Wundersch\u00f6ne Lage, freundliches Personal! Bei der Ankunft hatten wir ein anderes Zimmer als gebucht, es fehlte eine Badewanne. Wir bekamen ohne Probleme ein anderes Zimmer mit Bad! Fr\u00fchst\u00fcck einfach, aber gut!\"\n<\/div>                        <div class=\"cs-testimonial-meta\">\n                            <div class=\"elementor-testimonial-meta-inner\">\t                                <div class=\"elementor-testimonial-details\">\t                                    <div class=\"elementor-testimonial-name\">- Otto<\/div>\t\t\t\t\t\t\t\t\t<\/div>                            <\/div>\n                        <\/div>                    <\/div><\/div><div class=\"cs-ts-item\">                    <div class=\"cs-testimonial\"><div class=\"cs-testimonial-rating\"><span class=\"cs-testimonial-stars\"><\/span><\/div>                        <div class=\"cs-testimonial-content\">\"Sch\u00f6nes Hotel in Bergen aan Zee, Zentrum zu Fu\u00df erreichbar, modernes Zimmer mit Balkon. Das Fr\u00fchst\u00fcck war gut, das Personal sehr freundlich und die Ankunft am sp\u00e4ten Abend war \u00fcberhaupt kein Problem. Gute Kommunikation im Vorfeld und sehr gut organisiert.\"<\/div>                        <div class=\"cs-testimonial-meta\">\n                            <div class=\"elementor-testimonial-meta-inner\">\t                                <div class=\"elementor-testimonial-details\">\t                                    <div class=\"elementor-testimonial-name\">- Ulrike<\/div>\t\t\t\t\t\t\t\t\t<\/div>                            <\/div>\n                        <\/div>                    <\/div><\/div><div class=\"cs-ts-item\">                    <div class=\"cs-testimonial\"><div class=\"cs-testimonial-rating\"><span class=\"cs-testimonial-stars\"><\/span><\/div>                        <div class=\"cs-testimonial-content\">\"Sehr freundliches Personal. Sauber, gutes Bett und sch\u00f6ne Umgebung. Es gibt gen\u00fcgend Parkpl\u00e4tze. F\u00fcr Sp\u00e4treisende funktioniert das Schl\u00fcsselboxsystem sehr gut. Leckeres Fr\u00fchst\u00fcck mit frischem Obst, gutem Brot und Croissants. \u00dcberdachter Abstellraum f\u00fcr unsere E-Bikes.\"\n<\/div>                        <div class=\"cs-testimonial-meta\">\n                            <div class=\"elementor-testimonial-meta-inner\">\t                                <div class=\"elementor-testimonial-details\">\t                                    <div class=\"elementor-testimonial-name\">- Helga<\/div>\t\t\t\t\t\t\t\t\t<\/div>                            <\/div>\n                        <\/div>                    <\/div><\/div><div class=\"cs-ts-item\">                    <div class=\"cs-testimonial\"><div class=\"cs-testimonial-rating\"><span class=\"cs-testimonial-stars\"><\/span><\/div>                        <div class=\"cs-testimonial-content\">\"Freundliches Personal. Ausgezeichnetes Fr\u00fchst\u00fcck. Nichts in Plastik oder anderen Verpackungen. Ruhige Lage. Allerdings in der N\u00e4he von Gesch\u00e4ften. Dieses Hotel hat ein gutes Preis-Leistungs-Verh\u00e4ltnis. Gut eingerichtete und saubere Zimmer und Betten. Auf jeden Fall zu empfehlen.\"<\/div>                        <div class=\"cs-testimonial-meta\">\n                            <div class=\"elementor-testimonial-meta-inner\">\t                                <div class=\"elementor-testimonial-details\">\t                                    <div class=\"elementor-testimonial-name\">- Corrie<\/div>\t\t\t\t\t\t\t\t\t<\/div>                            <\/div>\n                        <\/div>                    <\/div><\/div><\/div>            <\/div>\t\t\t\t<\/div>\n\t\t\t\t<\/div>\n\t\t\t\t\t<\/div>\n\t\t\t\t<\/div>\n\t\t\t\t<\/div>\n\t\t","protected":false},"excerpt":{"rendered":"<p>Die Wahrnehmung unserer G\u00e4ste Erlebnisse Lesen Sie, warum sich unsere G\u00e4ste immer wieder f\u00fcr das Hotel Zeebergen entscheiden und finden Sie heraus, was uns so besonders macht. Google Bewertungen Was unsere G\u00e4ste auf Google sagen Mehr Bewertungen lesen &#8222;Immer sehr freundlicher und enthusiastischer Empfang. Auch sehr flexibel, aufmerksam und beratend. Das Zimmer wurde gerade renoviert, &#8230;<\/p>\n","protected":false},"author":10,"featured_media":0,"parent":0,"menu_order":0,"comment_status":"closed","ping_status":"closed","template":"template-wide-content.php","meta":{"_acf_changed":false,"inline_featured_image":false,"cozystay_single_page_hide_site_header":"","cozystay_single_page_site_header_source":"","cozystay_single_page_custom_site_header":"0","cozystay_single_page_custom_sticky_site_header":"0","cozystay_single_page_hide_page_title":"on","cozystay_single_page_header_section_size":"","cozystay_single_page_header_background_color":"","cozystay_single_page_header_background_position_x":"center","cozystay_single_page_header_background_position_y":"center","cozystay_single_page_header_background_size":"cover","cozystay_single_page_header_background_repeat":"off","cozystay_single_page_header_background_scroll":"on","cozystay_single_page_header_text_color":"","cozystay_single_page_header_show_breadcrumb":"","cozystay_single_page_site_footer_hide_main":"","cozystay_single_custom_site_footer_main_source":"","cozystay_single_custom_site_footer_main":"0","cozystay_single_page_site_footer_hide_above":"","cozystay_single_custom_site_footer_above_source":"","cozystay_single_custom_site_footer_above":"0","cozystay_single_page_site_footer_hide_instagram":"","cozystay_single_page_site_footer_hide_bottom":"","cozystay_single_custom_mobile_menu_source":"","cozystay_single_custom_mobile_menu":"0","cozystay_single_custom_mobile_menu_animation":"","cozystay_single_custom_mobile_menu_width":"","cozystay_single_custom_mobile_menu_custom_width":375,"footnotes":""},"class_list":["post-4961","page","type-page","status-publish","hentry"],"acf":[],"_links":{"self":[{"href":"https:\/\/zeebergen.nl\/de\/wp-json\/wp\/v2\/pages\/4961","targetHints":{"allow":["GET"]}}],"collection":[{"href":"https:\/\/zeebergen.nl\/de\/wp-json\/wp\/v2\/pages"}],"about":[{"href":"https:\/\/zeebergen.nl\/de\/wp-json\/wp\/v2\/types\/page"}],"author":[{"embeddable":true,"href":"https:\/\/zeebergen.nl\/de\/wp-json\/wp\/v2\/users\/10"}],"replies":[{"embeddable":true,"href":"https:\/\/zeebergen.nl\/de\/wp-json\/wp\/v2\/comments?post=4961"}],"version-history":[{"count":4,"href":"https:\/\/zeebergen.nl\/de\/wp-json\/wp\/v2\/pages\/4961\/revisions"}],"predecessor-version":[{"id":4978,"href":"https:\/\/zeebergen.nl\/de\/wp-json\/wp\/v2\/pages\/4961\/revisions\/4978"}],"wp:attachment":[{"href":"https:\/\/zeebergen.nl\/de\/wp-json\/wp\/v2\/media?parent=4961"}],"curies":[{"name":"wp","href":"https:\/\/api.w.org\/{rel}","templated":true}]}}