{"id":2242,"date":"2022-12-08T09:49:32","date_gmt":"2022-12-08T08:49:32","guid":{"rendered":"https:\/\/zeebergen.nl\/?page_id=2242"},"modified":"2024-11-05T11:34:08","modified_gmt":"2024-11-05T10:34:08","slug":"arrangements-preise-2","status":"publish","type":"page","link":"https:\/\/zeebergen.nl\/de\/arrangements-preise-2\/","title":{"rendered":"Arrangements Preise"},"content":{"rendered":"<p>[vc_row][vc_column][vc_column_text]<\/p>\n<h1>Arrangementen<\/h1>\n<p>[\/vc_column_text][vc_column_text]Die Preise sind abh\u00e4ngig von Buchungsperiode und Dauer des Aufenthaltes.<\/p>\n<ul>\n<li>Tagespreise 2023 \u00dcbernachtung mit Fr\u00fchst\u00fcck<\/li>\n<\/ul>\n<p>Ab \u20ac 144,00 pro Zimmer mit 2 personen. Auf Basis von \u00dcbernachtung mit Fr\u00fchst\u00fcck.<\/p>\n<p>Alle arrangement preise gelten pro Person und sind &#8222;Mindes&#8220;- Preise.[\/vc_column_text][\/vc_column][\/vc_row]<\/p>\n","protected":false},"excerpt":{"rendered":"<p>[vc_row][vc_column][vc_column_text] Arrangementen [\/vc_column_text][vc_column_text]Die Preise sind abh\u00e4ngig von Buchungsperiode und Dauer des Aufenthaltes. Tagespreise 2023 \u00dcbernachtung mit Fr\u00fchst\u00fcck Ab \u20ac 144,00 pro Zimmer mit 2 personen. Auf Basis von \u00dcbernachtung mit Fr\u00fchst\u00fcck. Alle arrangement preise gelten pro Person und sind &#8222;Mindes&#8220;- Preise.[\/vc_column_text][\/vc_column][\/vc_row]<\/p>\n","protected":false},"author":10,"featured_media":1602,"parent":0,"menu_order":0,"comment_status":"closed","ping_status":"closed","template":"","meta":{"_acf_changed":false,"inline_featured_image":false,"cozystay_single_page_hide_site_header":"","cozystay_single_page_site_header_source":"","cozystay_single_page_custom_site_header":"0","cozystay_single_page_custom_sticky_site_header":"0","cozystay_single_page_hide_page_title":"","cozystay_single_page_header_section_size":"","cozystay_single_page_header_background_color":"","cozystay_single_page_header_background_position_x":"center","cozystay_single_page_header_background_position_y":"center","cozystay_single_page_header_background_size":"cover","cozystay_single_page_header_background_repeat":"off","cozystay_single_page_header_background_scroll":"on","cozystay_single_page_header_text_color":"","cozystay_single_page_header_show_breadcrumb":"","cozystay_single_page_site_footer_hide_main":"","cozystay_single_custom_site_footer_main_source":"","cozystay_single_custom_site_footer_main":"0","cozystay_single_page_site_footer_hide_above":"","cozystay_single_custom_site_footer_above_source":"","cozystay_single_custom_site_footer_above":"0","cozystay_single_page_site_footer_hide_instagram":"","cozystay_single_page_site_footer_hide_bottom":"","cozystay_single_custom_mobile_menu_source":"","cozystay_single_custom_mobile_menu":"0","cozystay_single_custom_mobile_menu_animation":"","cozystay_single_custom_mobile_menu_width":"","cozystay_single_custom_mobile_menu_custom_width":375,"footnotes":""},"class_list":["post-2242","page","type-page","status-publish","has-post-thumbnail","hentry"],"acf":[],"_links":{"self":[{"href":"https:\/\/zeebergen.nl\/de\/wp-json\/wp\/v2\/pages\/2242","targetHints":{"allow":["GET"]}}],"collection":[{"href":"https:\/\/zeebergen.nl\/de\/wp-json\/wp\/v2\/pages"}],"about":[{"href":"https:\/\/zeebergen.nl\/de\/wp-json\/wp\/v2\/types\/page"}],"author":[{"embeddable":true,"href":"https:\/\/zeebergen.nl\/de\/wp-json\/wp\/v2\/users\/10"}],"replies":[{"embeddable":true,"href":"https:\/\/zeebergen.nl\/de\/wp-json\/wp\/v2\/comments?post=2242"}],"version-history":[{"count":1,"href":"https:\/\/zeebergen.nl\/de\/wp-json\/wp\/v2\/pages\/2242\/revisions"}],"predecessor-version":[{"id":3375,"href":"https:\/\/zeebergen.nl\/de\/wp-json\/wp\/v2\/pages\/2242\/revisions\/3375"}],"wp:featuredmedia":[{"embeddable":true,"href":"https:\/\/zeebergen.nl\/de\/wp-json\/wp\/v2\/media\/1602"}],"wp:attachment":[{"href":"https:\/\/zeebergen.nl\/de\/wp-json\/wp\/v2\/media?parent=2242"}],"curies":[{"name":"wp","href":"https:\/\/api.w.org\/{rel}","templated":true}]}}